{"id":3246,"date":"2024-06-10T10:33:20","date_gmt":"2024-06-10T08:33:20","guid":{"rendered":"https:\/\/dobryposilek.szpitaldietla.pl\/?page_id=3246"},"modified":"2024-12-31T11:42:57","modified_gmt":"2024-12-31T10:42:57","slug":"31-12-2024","status":"publish","type":"page","link":"https:\/\/dobryposilek.szpitaldietla.pl\/?page_id=3246","title":{"rendered":""},"content":{"rendered":"\n<div class=\"wp-block-group alignfull has-global-padding is-layout-constrained wp-block-group-is-layout-constrained\" style=\"margin-top:0px;padding-top:30px;padding-bottom:30px\">\n<div class=\"wp-block-group has-global-padding is-layout-constrained wp-block-group-is-layout-constrained\"><\/div>\n\n\n<nav class=\"is-responsive items-justified-center alignfull wp-block-navigation is-content-justification-center is-layout-flex wp-container-core-navigation-is-layout-a89b3969 wp-block-navigation-is-layout-flex\" aria-label=\"Nawigacja\" \n\t\t data-wp-interactive=\"core\/navigation\" data-wp-context='{\"overlayOpenedBy\":{\"click\":false,\"hover\":false,\"focus\":false},\"type\":\"overlay\",\"roleAttribute\":\"\",\"ariaLabel\":\"Menu\"}'><button aria-haspopup=\"dialog\" aria-label=\"Rozwi\u0144 menu\" class=\"wp-block-navigation__responsive-container-open\" \n\t\t\t\tdata-wp-on--click=\"actions.openMenuOnClick\"\n\t\t\t\tdata-wp-on--keydown=\"actions.handleMenuKeydown\"\n\t\t\t><svg width=\"24\" height=\"24\" xmlns=\"http:\/\/www.w3.org\/2000\/svg\" viewBox=\"0 0 24 24\" aria-hidden=\"true\" focusable=\"false\"><path d=\"M4 7.5h16v1.5H4z\"><\/path><path d=\"M4 15h16v1.5H4z\"><\/path><\/svg><\/button>\n\t\t\t\t<div class=\"wp-block-navigation__responsive-container\"  id=\"modal-1\" \n\t\t\t\tdata-wp-class--has-modal-open=\"state.isMenuOpen\"\n\t\t\t\tdata-wp-class--is-menu-open=\"state.isMenuOpen\"\n\t\t\t\tdata-wp-watch=\"callbacks.initMenu\"\n\t\t\t\tdata-wp-on--keydown=\"actions.handleMenuKeydown\"\n\t\t\t\tdata-wp-on--focusout=\"actions.handleMenuFocusout\"\n\t\t\t\ttabindex=\"-1\"\n\t\t\t>\n\t\t\t\t\t<div class=\"wp-block-navigation__responsive-close\" tabindex=\"-1\">\n\t\t\t\t\t\t<div class=\"wp-block-navigation__responsive-dialog\" \n\t\t\t\tdata-wp-bind--aria-modal=\"state.ariaModal\"\n\t\t\t\tdata-wp-bind--aria-label=\"state.ariaLabel\"\n\t\t\t\tdata-wp-bind--role=\"state.roleAttribute\"\n\t\t\t>\n\t\t\t\t\t\t\t<button aria-label=\"Zamknij menu\" class=\"wp-block-navigation__responsive-container-close\" \n\t\t\t\tdata-wp-on--click=\"actions.closeMenuOnClick\"\n\t\t\t><svg xmlns=\"http:\/\/www.w3.org\/2000\/svg\" viewBox=\"0 0 24 24\" width=\"24\" height=\"24\" aria-hidden=\"true\" focusable=\"false\"><path d=\"m13.06 12 6.47-6.47-1.06-1.06L12 10.94 5.53 4.47 4.47 5.53 10.94 12l-6.47 6.47 1.06 1.06L12 13.06l6.47 6.47 1.06-1.06L13.06 12Z\"><\/path><\/svg><\/button>\n\t\t\t\t\t\t\t<div class=\"wp-block-navigation__responsive-container-content\" \n\t\t\t\tdata-wp-watch=\"callbacks.focusFirstElement\"\n\t\t\t id=\"modal-1-content\">\n\t\t\t\t\t\t\t\t<ul class=\"wp-block-navigation__container is-responsive items-justified-center alignfull wp-block-navigation\"><li class=\" wp-block-navigation-item wp-block-navigation-link\"><a class=\"wp-block-navigation-item__content\"  href=\"https:\/\/szpitaldietla.pl\"><span class=\"wp-block-navigation-item__label\">Strona G\u0142\u00f3wna<\/span><\/a><\/li><li class=\" wp-block-navigation-item wp-block-navigation-link\"><a class=\"wp-block-navigation-item__content\"  href=\"https:\/\/szpitaldietla.pl\/kontakt\/\"><span class=\"wp-block-navigation-item__label\">Kontakt<\/span><\/a><\/li><li class=\" wp-block-navigation-item wp-block-navigation-link\"><a class=\"wp-block-navigation-item__content\"  href=\"https:\/\/dobryposilek.szpitaldietla.pl\/\"><span class=\"wp-block-navigation-item__label\">Strona G\u0142\u00f3wna Programu<\/span><\/a><\/li><li class=\" wp-block-navigation-item wp-block-navigation-link\"><a class=\"wp-block-navigation-item__content\"  href=\"https:\/\/dobryposilek.szpitaldietla.pl\/?page_id=1117\"><span class=\"wp-block-navigation-item__label\">Archiwum<\/span><\/a><\/li><\/ul>\n\t\t\t\t\t\t\t<\/div>\n\t\t\t\t\t\t<\/div>\n\t\t\t\t\t<\/div>\n\t\t\t\t<\/div><\/nav>\n\n\n<div style=\"height:100px\" aria-hidden=\"true\" class=\"wp-block-spacer\"><\/div>\n\n\n\n<h2 class=\"wp-block-heading alignfull has-text-align-center has-max-60-font-size\">Jad\u0142ospis 31.12.2024<\/h2>\n\n\n\n<div style=\"height:100px\" aria-hidden=\"true\" class=\"wp-block-spacer\"><\/div>\n\n\n\n<div style=\"height:100px\" aria-hidden=\"true\" class=\"wp-block-spacer\"><\/div>\n\n\n\n<div class=\"wp-block-group has-global-padding is-layout-constrained wp-block-group-is-layout-constrained\">\n<div class=\"wp-block-columns is-layout-flex wp-container-core-columns-is-layout-28f84493 wp-block-columns-is-layout-flex\">\n<div class=\"wp-block-column is-layout-flow wp-block-column-is-layout-flow\">\n<p class=\"has-text-align-center\">Aby pobra\u0107 jad\u0142ospis, kliknij przycisk poni\u017cej.<\/p>\n\n\n\n<div class=\"wp-block-buttons is-content-justification-center is-layout-flex wp-container-core-buttons-is-layout-a89b3969 wp-block-buttons-is-layout-flex\">\n<div class=\"wp-block-button\"><a class=\"wp-block-button__link has-text-align-center wp-element-button\" href=\"https:\/\/dobryposilek.szpitaldietla.pl\/wp-content\/uploads\/2024\/12\/Dobry-Posilek-2024-12-31.doc\">Pobierz<\/a><\/div>\n<\/div>\n<\/div>\n<\/div>\n<\/div>\n\n\n\n<div style=\"height:100px\" aria-hidden=\"true\" class=\"wp-block-spacer\"><\/div>\n\n\n\n<div class=\"wp-block-group alignfull has-global-padding is-layout-constrained wp-block-group-is-layout-constrained\">\n<div class=\"wp-block-group alignfull has-global-padding is-layout-constrained wp-block-group-is-layout-constrained\">\n<div class=\"wp-block-columns alignfull is-layout-flex wp-container-core-columns-is-layout-28f84493 wp-block-columns-is-layout-flex\">\n<div class=\"wp-block-column is-layout-flow wp-block-column-is-layout-flow\"><\/div>\n\n\n\n<div class=\"wp-block-column is-layout-flow wp-block-column-is-layout-flow\">\n<figure class=\"wp-block-image size-large\"><img fetchpriority=\"high\" decoding=\"async\" width=\"1024\" height=\"768\" src=\"https:\/\/dobryposilek.szpitaldietla.pl\/wp-content\/uploads\/2024\/12\/IMG_1056-1024x768.jpg\" alt=\"\" class=\"wp-image-5914\" srcset=\"https:\/\/dobryposilek.szpitaldietla.pl\/wp-content\/uploads\/2024\/12\/IMG_1056-1024x768.jpg 1024w, https:\/\/dobryposilek.szpitaldietla.pl\/wp-content\/uploads\/2024\/12\/IMG_1056-300x225.jpg 300w, https:\/\/dobryposilek.szpitaldietla.pl\/wp-content\/uploads\/2024\/12\/IMG_1056-768x576.jpg 768w, https:\/\/dobryposilek.szpitaldietla.pl\/wp-content\/uploads\/2024\/12\/IMG_1056-1536x1152.jpg 1536w, https:\/\/dobryposilek.szpitaldietla.pl\/wp-content\/uploads\/2024\/12\/IMG_1056-2048x1536.jpg 2048w, https:\/\/dobryposilek.szpitaldietla.pl\/wp-content\/uploads\/2024\/12\/IMG_1056-scaled.jpg 1600w\" sizes=\"(max-width: 1024px) 100vw, 1024px\" \/><\/figure>\n<\/div>\n\n\n\n<div class=\"wp-block-column is-layout-flow wp-block-column-is-layout-flow\">\n<figure class=\"wp-block-image size-large\"><img decoding=\"async\" width=\"1024\" height=\"768\" src=\"https:\/\/dobryposilek.szpitaldietla.pl\/wp-content\/uploads\/2024\/12\/IMG_1058-1024x768.jpg\" alt=\"\" class=\"wp-image-5915\" srcset=\"https:\/\/dobryposilek.szpitaldietla.pl\/wp-content\/uploads\/2024\/12\/IMG_1058-1024x768.jpg 1024w, https:\/\/dobryposilek.szpitaldietla.pl\/wp-content\/uploads\/2024\/12\/IMG_1058-300x225.jpg 300w, https:\/\/dobryposilek.szpitaldietla.pl\/wp-content\/uploads\/2024\/12\/IMG_1058-768x576.jpg 768w, https:\/\/dobryposilek.szpitaldietla.pl\/wp-content\/uploads\/2024\/12\/IMG_1058-1536x1152.jpg 1536w, https:\/\/dobryposilek.szpitaldietla.pl\/wp-content\/uploads\/2024\/12\/IMG_1058-2048x1536.jpg 2048w, https:\/\/dobryposilek.szpitaldietla.pl\/wp-content\/uploads\/2024\/12\/IMG_1058-scaled.jpg 1600w\" sizes=\"(max-width: 1024px) 100vw, 1024px\" \/><\/figure>\n<\/div>\n<\/div>\n<\/div>\n\n\n\n<div class=\"wp-block-group alignfull has-global-padding is-layout-constrained wp-block-group-is-layout-constrained\">\n<div class=\"wp-block-columns alignfull is-layout-flex wp-container-core-columns-is-layout-28f84493 wp-block-columns-is-layout-flex\">\n<div class=\"wp-block-column has-border-color has-contrast-border-color is-layout-flow wp-block-column-is-layout-flow\" style=\"border-width:1px\">\n<div class=\"wp-block-group has-global-padding is-layout-constrained wp-block-group-is-layout-constrained\">\n<div style=\"height:232px\" aria-hidden=\"true\" class=\"wp-block-spacer\"><\/div>\n\n\n\n<h2 class=\"wp-block-heading has-text-align-center\">\u015aniadanie*<\/h2>\n<\/div>\n<\/div>\n\n\n\n<div class=\"wp-block-column has-border-color has-contrast-border-color is-layout-flow wp-block-column-is-layout-flow\" style=\"border-width:1px\">\n<p class=\"has-text-align-center\"><strong>I DIETA PODSTAWOWA<\/strong><\/p>\n\n\n\n<ul class=\"wp-block-list\">\n<li>Herbata 250ml<\/li>\n\n\n\n<li>Mas\u0142o ekstra 20g<\/li>\n\n\n\n<li>Chleb pszenno-\u017cytni 65g<\/li>\n\n\n\n<li>Bu\u0142ka grahamka 50g<\/li>\n\n\n\n<li>Kie\u0142basa \u017cywiecka 50g<\/li>\n\n\n\n<li>Jajko got.60g-1szt<\/li>\n\n\n\n<li>Majonez z groszkiem zielonym i papryk\u0105 70g<\/li>\n<\/ul>\n<\/div>\n\n\n\n<div class=\"wp-block-column has-border-color has-contrast-border-color is-layout-flow wp-block-column-is-layout-flow\" style=\"border-width:1px\">\n<p class=\"has-text-align-center\"><strong>X DIETA Z OGRANICZENIEM W\u0118GLOWODAN\u00d3W \u0141ATWO PRZYSWAJALNYCH<\/strong><\/p>\n\n\n\n<ul class=\"wp-block-list\">\n<li>Herbata b\/c 250ml<\/li>\n\n\n\n<li>Mas\u0142o ekstra 20g<\/li>\n\n\n\n<li>Chleb pszenno-\u017cytni 65g<\/li>\n\n\n\n<li>Bu\u0142ka grahamka 50g<\/li>\n\n\n\n<li>Pol\u0119dwica sopocka 50g<\/li>\n\n\n\n<li>Jajko got.60g-1szt<\/li>\n\n\n\n<li>Jogurt z groszkiem zielonym i papryk\u0105 70g<\/li>\n\n\n\n<li><strong>II \u015aNIADANIE<\/strong><\/li>\n\n\n\n<li>Herbata b\/c 250ml<\/li>\n\n\n\n<li>Mas\u0142o ekstra 10g<\/li>\n\n\n\n<li>Graham 70g<\/li>\n\n\n\n<li>Rzodkiewka 20g<\/li>\n<\/ul>\n<\/div>\n<\/div>\n<\/div>\n\n\n\n<div class=\"wp-block-group alignfull has-global-padding is-layout-constrained wp-block-group-is-layout-constrained\">\n<p class=\"has-text-align-left\"><em>* <em><em><em>Zdj\u0119cia posi\u0142k\u00f3w dw\u00f3ch najpopularniejszych diet w Szpitalu im.J. Dietla w Krakowie<\/em><\/em><\/em><\/em><\/p>\n\n\n\n<div style=\"height:100px\" aria-hidden=\"true\" class=\"wp-block-spacer\"><\/div>\n<\/div>\n<\/div>\n\n\n\n<div class=\"wp-block-group alignfull has-global-padding is-layout-constrained wp-block-group-is-layout-constrained\">\n<div class=\"wp-block-group alignfull has-global-padding is-layout-constrained wp-block-group-is-layout-constrained\">\n<div class=\"wp-block-columns alignfull is-layout-flex wp-container-core-columns-is-layout-28f84493 wp-block-columns-is-layout-flex\">\n<div class=\"wp-block-column is-layout-flow wp-block-column-is-layout-flow\"><\/div>\n\n\n\n<div class=\"wp-block-column is-layout-flow wp-block-column-is-layout-flow\">\n<figure class=\"wp-block-image size-large\"><img decoding=\"async\" width=\"1024\" height=\"768\" src=\"https:\/\/dobryposilek.szpitaldietla.pl\/wp-content\/uploads\/2024\/12\/IMG_1063-1024x768.jpg\" alt=\"\" class=\"wp-image-5937\" srcset=\"https:\/\/dobryposilek.szpitaldietla.pl\/wp-content\/uploads\/2024\/12\/IMG_1063-1024x768.jpg 1024w, https:\/\/dobryposilek.szpitaldietla.pl\/wp-content\/uploads\/2024\/12\/IMG_1063-300x225.jpg 300w, https:\/\/dobryposilek.szpitaldietla.pl\/wp-content\/uploads\/2024\/12\/IMG_1063-768x576.jpg 768w, https:\/\/dobryposilek.szpitaldietla.pl\/wp-content\/uploads\/2024\/12\/IMG_1063-1536x1152.jpg 1536w, https:\/\/dobryposilek.szpitaldietla.pl\/wp-content\/uploads\/2024\/12\/IMG_1063-2048x1536.jpg 2048w, https:\/\/dobryposilek.szpitaldietla.pl\/wp-content\/uploads\/2024\/12\/IMG_1063-scaled.jpg 1600w\" sizes=\"(max-width: 1024px) 100vw, 1024px\" \/><\/figure>\n<\/div>\n\n\n\n<div class=\"wp-block-column is-layout-flow wp-block-column-is-layout-flow\">\n<figure class=\"wp-block-image size-large\"><img loading=\"lazy\" decoding=\"async\" width=\"1024\" height=\"768\" src=\"https:\/\/dobryposilek.szpitaldietla.pl\/wp-content\/uploads\/2024\/12\/IMG_1061-1024x768.jpg\" alt=\"\" class=\"wp-image-5938\" srcset=\"https:\/\/dobryposilek.szpitaldietla.pl\/wp-content\/uploads\/2024\/12\/IMG_1061-1024x768.jpg 1024w, https:\/\/dobryposilek.szpitaldietla.pl\/wp-content\/uploads\/2024\/12\/IMG_1061-300x225.jpg 300w, https:\/\/dobryposilek.szpitaldietla.pl\/wp-content\/uploads\/2024\/12\/IMG_1061-768x576.jpg 768w, https:\/\/dobryposilek.szpitaldietla.pl\/wp-content\/uploads\/2024\/12\/IMG_1061-1536x1152.jpg 1536w, https:\/\/dobryposilek.szpitaldietla.pl\/wp-content\/uploads\/2024\/12\/IMG_1061-2048x1536.jpg 2048w, https:\/\/dobryposilek.szpitaldietla.pl\/wp-content\/uploads\/2024\/12\/IMG_1061-scaled.jpg 1600w\" sizes=\"(max-width: 1024px) 100vw, 1024px\" \/><\/figure>\n<\/div>\n<\/div>\n<\/div>\n\n\n\n<div class=\"wp-block-group alignfull has-global-padding is-layout-constrained wp-block-group-is-layout-constrained\">\n<div class=\"wp-block-columns alignfull is-layout-flex wp-container-core-columns-is-layout-28f84493 wp-block-columns-is-layout-flex\">\n<div class=\"wp-block-column has-border-color has-contrast-border-color is-layout-flow wp-block-column-is-layout-flow\" style=\"border-width:1px\">\n<div class=\"wp-block-group has-global-padding is-layout-constrained wp-block-group-is-layout-constrained\">\n<div style=\"height:232px\" aria-hidden=\"true\" class=\"wp-block-spacer\"><\/div>\n\n\n\n<h2 class=\"wp-block-heading has-text-align-center\">Obiad*<\/h2>\n<\/div>\n<\/div>\n\n\n\n<div class=\"wp-block-column has-border-color has-contrast-border-color is-layout-flow wp-block-column-is-layout-flow\" style=\"border-width:1px\">\n<p class=\"has-text-align-center\"><strong>I DIETA PODSTAWOWA<\/strong><\/p>\n\n\n\n<ul class=\"wp-block-list\">\n<li>Pomidorowa z makaronem 400ml<\/li>\n\n\n\n<li>Befsztyk z cebul\u0105 80g<\/li>\n\n\n\n<li>Ziemniaki 200g<\/li>\n\n\n\n<li>\u0106wik\u0142a z jab\u0142kiem got.i chrzanem 180g<\/li>\n\n\n\n<li>Kompot z jab\u0142ek 250ml<\/li>\n<\/ul>\n<\/div>\n\n\n\n<div class=\"wp-block-column has-border-color has-contrast-border-color is-layout-flow wp-block-column-is-layout-flow\" style=\"border-width:1px\">\n<p class=\"has-text-align-center\"><strong>X DIETA Z OGRANICZENIEM W\u0118GLOWODAN\u00d3W \u0141ATWO PRZYSWAJALNYCH<\/strong><\/p>\n\n\n\n<ul class=\"wp-block-list\">\n<li>Pomidorowa z makaronem 400ml<\/li>\n\n\n\n<li>Gulasz z piersi indyka 80g +sos nat.100ml<\/li>\n\n\n\n<li>Ziemniaki 200g<\/li>\n\n\n\n<li>\u0106wik\u0142a z jab\u0142kiem got.180g<\/li>\n\n\n\n<li>Fasola szparagowa got.z bu\u0142k\u0105 tart\u0105 100g<\/li>\n\n\n\n<li>Kompot z jab\u0142ek b\/c 250ml<\/li>\n<\/ul>\n<\/div>\n<\/div>\n\n\n\n<p>*<em><em><em>Zdj\u0119cia posi\u0142k\u00f3w dw\u00f3ch najpopularniejszych diet w Szpitalu im.J. Dietla w Krakowie<\/em><\/em><\/em><\/p>\n<\/div>\n<\/div>\n<\/div>\n","protected":false},"excerpt":{"rendered":"<p>Jad\u0142ospis 31.12.2024 Aby pobra\u0107 jad\u0142ospis, kliknij przycisk poni\u017cej. \u015aniadanie* I DIETA PODSTAWOWA X DIETA Z OGRANICZENIEM W\u0118GLOWODAN\u00d3W \u0141ATWO PRZYSWAJALNYCH * Zdj\u0119cia posi\u0142k\u00f3w dw\u00f3ch najpopularniejszych diet w Szpitalu im.J. Dietla w Krakowie Obiad* I DIETA PODSTAWOWA X DIETA Z OGRANICZENIEM W\u0118GLOWODAN\u00d3W \u0141ATWO PRZYSWAJALNYCH *Zdj\u0119cia posi\u0142k\u00f3w dw\u00f3ch najpopularniejszych diet w Szpitalu im.J. Dietla w Krakowie<\/p>\n","protected":false},"author":1,"featured_media":0,"parent":0,"menu_order":0,"comment_status":"closed","ping_status":"closed","template":"","meta":{"footnotes":""},"class_list":["post-3246","page","type-page","status-publish","hentry"],"_links":{"self":[{"href":"https:\/\/dobryposilek.szpitaldietla.pl\/index.php?rest_route=\/wp\/v2\/pages\/3246","targetHints":{"allow":["GET"]}}],"collection":[{"href":"https:\/\/dobryposilek.szpitaldietla.pl\/index.php?rest_route=\/wp\/v2\/pages"}],"about":[{"href":"https:\/\/dobryposilek.szpitaldietla.pl\/index.php?rest_route=\/wp\/v2\/types\/page"}],"author":[{"embeddable":true,"href":"https:\/\/dobryposilek.szpitaldietla.pl\/index.php?rest_route=\/wp\/v2\/users\/1"}],"replies":[{"embeddable":true,"href":"https:\/\/dobryposilek.szpitaldietla.pl\/index.php?rest_route=%2Fwp%2Fv2%2Fcomments&post=3246"}],"version-history":[{"count":8,"href":"https:\/\/dobryposilek.szpitaldietla.pl\/index.php?rest_route=\/wp\/v2\/pages\/3246\/revisions"}],"predecessor-version":[{"id":5939,"href":"https:\/\/dobryposilek.szpitaldietla.pl\/index.php?rest_route=\/wp\/v2\/pages\/3246\/revisions\/5939"}],"wp:attachment":[{"href":"https:\/\/dobryposilek.szpitaldietla.pl\/index.php?rest_route=%2Fwp%2Fv2%2Fmedia&parent=3246"}],"curies":[{"name":"wp","href":"https:\/\/api.w.org\/{rel}","templated":true}]}}