{"id":10107,"date":"2025-10-14T14:34:31","date_gmt":"2025-10-14T12:34:31","guid":{"rendered":"https:\/\/dobryposilek.szpitaldietla.pl\/?page_id=10107"},"modified":"2025-11-15T09:20:59","modified_gmt":"2025-11-15T08:20:59","slug":"2025-11-15","status":"publish","type":"page","link":"https:\/\/dobryposilek.szpitaldietla.pl\/?page_id=10107","title":{"rendered":""},"content":{"rendered":"\n<div class=\"wp-block-group alignfull has-global-padding is-layout-constrained wp-block-group-is-layout-constrained\" style=\"margin-top:0px;padding-top:30px;padding-bottom:30px\">\n<div class=\"wp-block-group has-global-padding is-layout-constrained wp-block-group-is-layout-constrained\"><\/div>\n\n\n<nav class=\"is-responsive items-justified-center alignfull wp-block-navigation is-content-justification-center is-layout-flex wp-container-core-navigation-is-layout-a89b3969 wp-block-navigation-is-layout-flex\" aria-label=\"Nawigacja\" \n\t\t data-wp-interactive=\"core\/navigation\" data-wp-context='{\"overlayOpenedBy\":{\"click\":false,\"hover\":false,\"focus\":false},\"type\":\"overlay\",\"roleAttribute\":\"\",\"ariaLabel\":\"Menu\"}'><button aria-haspopup=\"dialog\" aria-label=\"Rozwi\u0144 menu\" class=\"wp-block-navigation__responsive-container-open\" \n\t\t\t\tdata-wp-on--click=\"actions.openMenuOnClick\"\n\t\t\t\tdata-wp-on--keydown=\"actions.handleMenuKeydown\"\n\t\t\t><svg width=\"24\" height=\"24\" xmlns=\"http:\/\/www.w3.org\/2000\/svg\" viewBox=\"0 0 24 24\" aria-hidden=\"true\" focusable=\"false\"><path d=\"M4 7.5h16v1.5H4z\"><\/path><path d=\"M4 15h16v1.5H4z\"><\/path><\/svg><\/button>\n\t\t\t\t<div class=\"wp-block-navigation__responsive-container\"  id=\"modal-1\" \n\t\t\t\tdata-wp-class--has-modal-open=\"state.isMenuOpen\"\n\t\t\t\tdata-wp-class--is-menu-open=\"state.isMenuOpen\"\n\t\t\t\tdata-wp-watch=\"callbacks.initMenu\"\n\t\t\t\tdata-wp-on--keydown=\"actions.handleMenuKeydown\"\n\t\t\t\tdata-wp-on--focusout=\"actions.handleMenuFocusout\"\n\t\t\t\ttabindex=\"-1\"\n\t\t\t>\n\t\t\t\t\t<div class=\"wp-block-navigation__responsive-close\" tabindex=\"-1\">\n\t\t\t\t\t\t<div class=\"wp-block-navigation__responsive-dialog\" \n\t\t\t\tdata-wp-bind--aria-modal=\"state.ariaModal\"\n\t\t\t\tdata-wp-bind--aria-label=\"state.ariaLabel\"\n\t\t\t\tdata-wp-bind--role=\"state.roleAttribute\"\n\t\t\t>\n\t\t\t\t\t\t\t<button aria-label=\"Zamknij menu\" class=\"wp-block-navigation__responsive-container-close\" \n\t\t\t\tdata-wp-on--click=\"actions.closeMenuOnClick\"\n\t\t\t><svg xmlns=\"http:\/\/www.w3.org\/2000\/svg\" viewBox=\"0 0 24 24\" width=\"24\" height=\"24\" aria-hidden=\"true\" focusable=\"false\"><path d=\"m13.06 12 6.47-6.47-1.06-1.06L12 10.94 5.53 4.47 4.47 5.53 10.94 12l-6.47 6.47 1.06 1.06L12 13.06l6.47 6.47 1.06-1.06L13.06 12Z\"><\/path><\/svg><\/button>\n\t\t\t\t\t\t\t<div class=\"wp-block-navigation__responsive-container-content\" \n\t\t\t\tdata-wp-watch=\"callbacks.focusFirstElement\"\n\t\t\t id=\"modal-1-content\">\n\t\t\t\t\t\t\t\t<ul class=\"wp-block-navigation__container is-responsive items-justified-center alignfull wp-block-navigation\"><li class=\" wp-block-navigation-item wp-block-navigation-link\"><a class=\"wp-block-navigation-item__content\"  href=\"https:\/\/szpitaldietla.pl\"><span class=\"wp-block-navigation-item__label\">Strona G\u0142\u00f3wna<\/span><\/a><\/li><li class=\" wp-block-navigation-item wp-block-navigation-link\"><a class=\"wp-block-navigation-item__content\"  href=\"https:\/\/szpitaldietla.pl\/kontakt\/\"><span class=\"wp-block-navigation-item__label\">Kontakt<\/span><\/a><\/li><li class=\" wp-block-navigation-item wp-block-navigation-link\"><a class=\"wp-block-navigation-item__content\"  href=\"https:\/\/dobryposilek.szpitaldietla.pl\/\"><span class=\"wp-block-navigation-item__label\">Strona G\u0142\u00f3wna Programu<\/span><\/a><\/li><li class=\" wp-block-navigation-item wp-block-navigation-link\"><a class=\"wp-block-navigation-item__content\"  href=\"https:\/\/dobryposilek.szpitaldietla.pl\/?page_id=1117\"><span class=\"wp-block-navigation-item__label\">Archiwum<\/span><\/a><\/li><\/ul>\n\t\t\t\t\t\t\t<\/div>\n\t\t\t\t\t\t<\/div>\n\t\t\t\t\t<\/div>\n\t\t\t\t<\/div><\/nav>\n\n\n<div style=\"height:100px\" aria-hidden=\"true\" class=\"wp-block-spacer\"><\/div>\n\n\n\n<h2 class=\"wp-block-heading alignfull has-text-align-center has-max-60-font-size\">Jad\u0142ospis 15.11.2025<\/h2>\n\n\n\n<div style=\"height:100px\" aria-hidden=\"true\" class=\"wp-block-spacer\"><\/div>\n\n\n\n<div style=\"height:100px\" aria-hidden=\"true\" class=\"wp-block-spacer\"><\/div>\n\n\n\n<div class=\"wp-block-group has-global-padding is-layout-constrained wp-block-group-is-layout-constrained\">\n<div class=\"wp-block-columns is-layout-flex wp-container-core-columns-is-layout-28f84493 wp-block-columns-is-layout-flex\">\n<div class=\"wp-block-column is-layout-flow wp-block-column-is-layout-flow\">\n<p class=\"has-text-align-center\">Aby pobra\u0107 jad\u0142ospis, kliknij przycisk poni\u017cej.<\/p>\n\n\n\n<div class=\"wp-block-buttons is-content-justification-center is-layout-flex wp-container-core-buttons-is-layout-a89b3969 wp-block-buttons-is-layout-flex\">\n<div class=\"wp-block-button\"><a class=\"wp-block-button__link has-text-align-center wp-element-button\" href=\"https:\/\/dobryposilek.szpitaldietla.pl\/wp-content\/uploads\/2025\/11\/Dobry-Posilek-2025-11-15.doc\">Pobierz<\/a><\/div>\n<\/div>\n<\/div>\n<\/div>\n<\/div>\n\n\n\n<div style=\"height:100px\" aria-hidden=\"true\" class=\"wp-block-spacer\"><\/div>\n\n\n\n<div class=\"wp-block-group alignfull has-global-padding is-layout-constrained wp-block-group-is-layout-constrained\">\n<div class=\"wp-block-group alignfull has-global-padding is-layout-constrained wp-block-group-is-layout-constrained\">\n<div class=\"wp-block-columns alignfull is-layout-flex wp-container-core-columns-is-layout-28f84493 wp-block-columns-is-layout-flex\">\n<div class=\"wp-block-column is-layout-flow wp-block-column-is-layout-flow\"><\/div>\n\n\n\n<div class=\"wp-block-column is-layout-flow wp-block-column-is-layout-flow\"><\/div>\n\n\n\n<div class=\"wp-block-column is-layout-flow wp-block-column-is-layout-flow\"><\/div>\n<\/div>\n<\/div>\n\n\n\n<div class=\"wp-block-group alignfull has-global-padding is-layout-constrained wp-block-group-is-layout-constrained\">\n<div class=\"wp-block-columns alignfull is-layout-flex wp-container-core-columns-is-layout-28f84493 wp-block-columns-is-layout-flex\">\n<div class=\"wp-block-column has-border-color has-contrast-border-color is-layout-flow wp-block-column-is-layout-flow\" style=\"border-width:1px\">\n<div class=\"wp-block-group has-global-padding is-layout-constrained wp-block-group-is-layout-constrained\">\n<div style=\"height:232px\" aria-hidden=\"true\" class=\"wp-block-spacer\"><\/div>\n\n\n\n<h2 class=\"wp-block-heading has-text-align-center\">\u015aniadanie*<\/h2>\n<\/div>\n<\/div>\n\n\n\n<div class=\"wp-block-column has-border-color has-contrast-border-color is-layout-flow wp-block-column-is-layout-flow\" style=\"border-width:1px\">\n<p class=\"has-text-align-center\"><strong>I DIETA PODSTAWOWA<\/strong><\/p>\n\n\n\n<ul class=\"wp-block-list\">\n<li>Kawa z mlekiem 250ml<\/li>\n\n\n\n<li>Mas\u0142o ekstra 20g<\/li>\n\n\n\n<li>Chleb pszenno-\u017cytni 65g<\/li>\n\n\n\n<li>Bu\u0142ka grahamka 50g<\/li>\n\n\n\n<li>Frankfurterka 100g-2szt<\/li>\n\n\n\n<li>Musztarda 30g<\/li>\n\n\n\n<li>Og\u00f3rek \u015bwie\u017cy 50g<\/li>\n\n\n\n<li>Jogurt owocowy 150g<\/li>\n<\/ul>\n<\/div>\n\n\n\n<div class=\"wp-block-column has-border-color has-contrast-border-color is-layout-flow wp-block-column-is-layout-flow\" style=\"border-width:1px\">\n<p class=\"has-text-align-center\"><strong>X DIETA Z OGRANICZENIEM W\u0118GLOWODAN\u00d3W \u0141ATWO PRZYSWAJALNYCH<\/strong><\/p>\n\n\n\n<ul class=\"wp-block-list\">\n<li>Kawa z mlekiem b\/c 250ml<\/li>\n\n\n\n<li>Mas\u0142o ekstra 20g<\/li>\n\n\n\n<li>Chleb pszenno-\u017cytni 65g<\/li>\n\n\n\n<li>Bu\u0142ka grahamka 50g<\/li>\n\n\n\n<li>Par\u00f3wka wiede\u0144ska 100g-2szt<\/li>\n\n\n\n<li>Ketchup jarzynowy 40g<\/li>\n\n\n\n<li>Og\u00f3rek \u015bwie\u017cy 50g<\/li>\n\n\n\n<li>Jogurt naturalny 150g<\/li>\n\n\n\n<li><strong>II \u015aNIADANIE<\/strong><\/li>\n\n\n\n<li>Herbata b\/c 250ml<\/li>\n\n\n\n<li>Graham 70g<\/li>\n\n\n\n<li>Mas\u0142o ekstra 10g<\/li>\n\n\n\n<li>Pasta z jajek ze szczypiorkiem 60g<\/li>\n<\/ul>\n<\/div>\n<\/div>\n<\/div>\n\n\n\n<div class=\"wp-block-group alignfull has-global-padding is-layout-constrained wp-block-group-is-layout-constrained\">\n<p class=\"has-text-align-left\"><em>* <em><em><em>Zdj\u0119cia posi\u0142k\u00f3w dw\u00f3ch najpopularniejszych diet w Szpitalu im.J. Dietla w Krakowie<\/em><\/em><\/em><\/em><\/p>\n\n\n\n<div style=\"height:100px\" aria-hidden=\"true\" class=\"wp-block-spacer\"><\/div>\n<\/div>\n<\/div>\n\n\n\n<div class=\"wp-block-group alignfull has-global-padding is-layout-constrained wp-block-group-is-layout-constrained\">\n<div class=\"wp-block-group alignfull has-global-padding is-layout-constrained wp-block-group-is-layout-constrained\">\n<div class=\"wp-block-columns alignfull is-layout-flex wp-container-core-columns-is-layout-28f84493 wp-block-columns-is-layout-flex\">\n<div class=\"wp-block-column is-layout-flow wp-block-column-is-layout-flow\"><\/div>\n\n\n\n<div class=\"wp-block-column is-layout-flow wp-block-column-is-layout-flow\"><\/div>\n\n\n\n<div class=\"wp-block-column is-layout-flow wp-block-column-is-layout-flow\"><\/div>\n<\/div>\n<\/div>\n\n\n\n<div class=\"wp-block-group alignfull has-global-padding is-layout-constrained wp-block-group-is-layout-constrained\">\n<div class=\"wp-block-columns alignfull is-layout-flex wp-container-core-columns-is-layout-28f84493 wp-block-columns-is-layout-flex\">\n<div class=\"wp-block-column has-border-color has-contrast-border-color is-layout-flow wp-block-column-is-layout-flow\" style=\"border-width:1px\">\n<div class=\"wp-block-group has-global-padding is-layout-constrained wp-block-group-is-layout-constrained\">\n<div style=\"height:232px\" aria-hidden=\"true\" class=\"wp-block-spacer\"><\/div>\n\n\n\n<h2 class=\"wp-block-heading has-text-align-center\">Obiad*<\/h2>\n<\/div>\n<\/div>\n\n\n\n<div class=\"wp-block-column has-border-color has-contrast-border-color is-layout-flow wp-block-column-is-layout-flow\" style=\"border-width:1px\">\n<p class=\"has-text-align-center\"><strong>I DIETA PODSTAWOWA<\/strong><\/p>\n\n\n\n<ul class=\"wp-block-list\">\n<li>Szpinakowa-krem z groszkiem ptysiowym (5g) 400ml<\/li>\n\n\n\n<li>Befsztyk z cebul\u0105 80g<\/li>\n\n\n\n<li>Ziemniaki 200g<\/li>\n\n\n\n<li>Marchewka gotowana 180g<\/li>\n\n\n\n<li>Kompot z jab\u0142ek 250ml<\/li>\n<\/ul>\n<\/div>\n\n\n\n<div class=\"wp-block-column has-border-color has-contrast-border-color is-layout-flow wp-block-column-is-layout-flow\" style=\"border-width:1px\">\n<p class=\"has-text-align-center\"><strong>X DIETA Z OGRANICZENIEM W\u0118GLOWODAN\u00d3W \u0141ATWO PRZYSWAJALNYCH<\/strong><\/p>\n\n\n\n<ul class=\"wp-block-list\">\n<li>Jarzynowa z ry\u017cem 400ml<\/li>\n\n\n\n<li>Pulpet wo\u0142owy pieczony w jarzynach 80g<\/li>\n\n\n\n<li>Sos koperkowy 70ml<\/li>\n\n\n\n<li>Ziemniaki 200g<\/li>\n\n\n\n<li>Sa\u0142atka z og\u00f3rka kiszonego i papryki z olejem 100g<\/li>\n\n\n\n<li>Kompot z jab\u0142ek b\/c 250ml<\/li>\n<\/ul>\n<\/div>\n<\/div>\n\n\n\n<p>*<em><em><em>Zdj\u0119cia posi\u0142k\u00f3w dw\u00f3ch najpopularniejszych diet w Szpitalu im.J. Dietla w Krakowie<\/em><\/em><\/em><\/p>\n<\/div>\n<\/div>\n<\/div>\n","protected":false},"excerpt":{"rendered":"<p>Jad\u0142ospis 15.11.2025 Aby pobra\u0107 jad\u0142ospis, kliknij przycisk poni\u017cej. \u015aniadanie* I DIETA PODSTAWOWA X DIETA Z OGRANICZENIEM W\u0118GLOWODAN\u00d3W \u0141ATWO PRZYSWAJALNYCH * Zdj\u0119cia posi\u0142k\u00f3w dw\u00f3ch najpopularniejszych diet w Szpitalu im.J. Dietla w Krakowie Obiad* I DIETA PODSTAWOWA X DIETA Z OGRANICZENIEM W\u0118GLOWODAN\u00d3W \u0141ATWO PRZYSWAJALNYCH *Zdj\u0119cia posi\u0142k\u00f3w dw\u00f3ch najpopularniejszych diet w Szpitalu im.J. Dietla w Krakowie<\/p>\n","protected":false},"author":1,"featured_media":0,"parent":0,"menu_order":0,"comment_status":"closed","ping_status":"closed","template":"","meta":{"footnotes":""},"class_list":["post-10107","page","type-page","status-publish","hentry"],"_links":{"self":[{"href":"https:\/\/dobryposilek.szpitaldietla.pl\/index.php?rest_route=\/wp\/v2\/pages\/10107","targetHints":{"allow":["GET"]}}],"collection":[{"href":"https:\/\/dobryposilek.szpitaldietla.pl\/index.php?rest_route=\/wp\/v2\/pages"}],"about":[{"href":"https:\/\/dobryposilek.szpitaldietla.pl\/index.php?rest_route=\/wp\/v2\/types\/page"}],"author":[{"embeddable":true,"href":"https:\/\/dobryposilek.szpitaldietla.pl\/index.php?rest_route=\/wp\/v2\/users\/1"}],"replies":[{"embeddable":true,"href":"https:\/\/dobryposilek.szpitaldietla.pl\/index.php?rest_route=%2Fwp%2Fv2%2Fcomments&post=10107"}],"version-history":[{"count":5,"href":"https:\/\/dobryposilek.szpitaldietla.pl\/index.php?rest_route=\/wp\/v2\/pages\/10107\/revisions"}],"predecessor-version":[{"id":10472,"href":"https:\/\/dobryposilek.szpitaldietla.pl\/index.php?rest_route=\/wp\/v2\/pages\/10107\/revisions\/10472"}],"wp:attachment":[{"href":"https:\/\/dobryposilek.szpitaldietla.pl\/index.php?rest_route=%2Fwp%2Fv2%2Fmedia&parent=10107"}],"curies":[{"name":"wp","href":"https:\/\/api.w.org\/{rel}","templated":true}]}}