{"id":10049,"date":"2025-10-13T10:30:02","date_gmt":"2025-10-13T08:30:02","guid":{"rendered":"https:\/\/dobryposilek.szpitaldietla.pl\/?page_id=10049"},"modified":"2025-11-03T11:41:17","modified_gmt":"2025-11-03T10:41:17","slug":"2025-11-03","status":"publish","type":"page","link":"https:\/\/dobryposilek.szpitaldietla.pl\/?page_id=10049","title":{"rendered":""},"content":{"rendered":"\n<div class=\"wp-block-group alignfull has-global-padding is-layout-constrained wp-block-group-is-layout-constrained\" style=\"margin-top:0px;padding-top:30px;padding-bottom:30px\">\n<div class=\"wp-block-group has-global-padding is-layout-constrained wp-block-group-is-layout-constrained\"><\/div>\n\n\n<nav class=\"is-responsive items-justified-center alignfull wp-block-navigation is-content-justification-center is-layout-flex wp-container-core-navigation-is-layout-a89b3969 wp-block-navigation-is-layout-flex\" aria-label=\"Nawigacja\" \n\t\t data-wp-interactive=\"core\/navigation\" data-wp-context='{\"overlayOpenedBy\":{\"click\":false,\"hover\":false,\"focus\":false},\"type\":\"overlay\",\"roleAttribute\":\"\",\"ariaLabel\":\"Menu\"}'><button aria-haspopup=\"dialog\" aria-label=\"Rozwi\u0144 menu\" class=\"wp-block-navigation__responsive-container-open\" \n\t\t\t\tdata-wp-on--click=\"actions.openMenuOnClick\"\n\t\t\t\tdata-wp-on--keydown=\"actions.handleMenuKeydown\"\n\t\t\t><svg width=\"24\" height=\"24\" xmlns=\"http:\/\/www.w3.org\/2000\/svg\" viewBox=\"0 0 24 24\" aria-hidden=\"true\" focusable=\"false\"><path d=\"M4 7.5h16v1.5H4z\"><\/path><path d=\"M4 15h16v1.5H4z\"><\/path><\/svg><\/button>\n\t\t\t\t<div class=\"wp-block-navigation__responsive-container\"  id=\"modal-1\" \n\t\t\t\tdata-wp-class--has-modal-open=\"state.isMenuOpen\"\n\t\t\t\tdata-wp-class--is-menu-open=\"state.isMenuOpen\"\n\t\t\t\tdata-wp-watch=\"callbacks.initMenu\"\n\t\t\t\tdata-wp-on--keydown=\"actions.handleMenuKeydown\"\n\t\t\t\tdata-wp-on--focusout=\"actions.handleMenuFocusout\"\n\t\t\t\ttabindex=\"-1\"\n\t\t\t>\n\t\t\t\t\t<div class=\"wp-block-navigation__responsive-close\" tabindex=\"-1\">\n\t\t\t\t\t\t<div class=\"wp-block-navigation__responsive-dialog\" \n\t\t\t\tdata-wp-bind--aria-modal=\"state.ariaModal\"\n\t\t\t\tdata-wp-bind--aria-label=\"state.ariaLabel\"\n\t\t\t\tdata-wp-bind--role=\"state.roleAttribute\"\n\t\t\t>\n\t\t\t\t\t\t\t<button aria-label=\"Zamknij menu\" class=\"wp-block-navigation__responsive-container-close\" \n\t\t\t\tdata-wp-on--click=\"actions.closeMenuOnClick\"\n\t\t\t><svg xmlns=\"http:\/\/www.w3.org\/2000\/svg\" viewBox=\"0 0 24 24\" width=\"24\" height=\"24\" aria-hidden=\"true\" focusable=\"false\"><path d=\"m13.06 12 6.47-6.47-1.06-1.06L12 10.94 5.53 4.47 4.47 5.53 10.94 12l-6.47 6.47 1.06 1.06L12 13.06l6.47 6.47 1.06-1.06L13.06 12Z\"><\/path><\/svg><\/button>\n\t\t\t\t\t\t\t<div class=\"wp-block-navigation__responsive-container-content\" \n\t\t\t\tdata-wp-watch=\"callbacks.focusFirstElement\"\n\t\t\t id=\"modal-1-content\">\n\t\t\t\t\t\t\t\t<ul class=\"wp-block-navigation__container is-responsive items-justified-center alignfull wp-block-navigation\"><li class=\" wp-block-navigation-item wp-block-navigation-link\"><a class=\"wp-block-navigation-item__content\"  href=\"https:\/\/szpitaldietla.pl\"><span class=\"wp-block-navigation-item__label\">Strona G\u0142\u00f3wna<\/span><\/a><\/li><li class=\" wp-block-navigation-item wp-block-navigation-link\"><a class=\"wp-block-navigation-item__content\"  href=\"https:\/\/szpitaldietla.pl\/kontakt\/\"><span class=\"wp-block-navigation-item__label\">Kontakt<\/span><\/a><\/li><li class=\" wp-block-navigation-item wp-block-navigation-link\"><a class=\"wp-block-navigation-item__content\"  href=\"https:\/\/dobryposilek.szpitaldietla.pl\/\"><span class=\"wp-block-navigation-item__label\">Strona G\u0142\u00f3wna Programu<\/span><\/a><\/li><li class=\" wp-block-navigation-item wp-block-navigation-link\"><a class=\"wp-block-navigation-item__content\"  href=\"https:\/\/dobryposilek.szpitaldietla.pl\/?page_id=1117\"><span class=\"wp-block-navigation-item__label\">Archiwum<\/span><\/a><\/li><\/ul>\n\t\t\t\t\t\t\t<\/div>\n\t\t\t\t\t\t<\/div>\n\t\t\t\t\t<\/div>\n\t\t\t\t<\/div><\/nav>\n\n\n<div style=\"height:100px\" aria-hidden=\"true\" class=\"wp-block-spacer\"><\/div>\n\n\n\n<h2 class=\"wp-block-heading alignfull has-text-align-center has-max-60-font-size\">Jad\u0142ospis 03.11.2025<\/h2>\n\n\n\n<div style=\"height:100px\" aria-hidden=\"true\" class=\"wp-block-spacer\"><\/div>\n\n\n\n<div style=\"height:100px\" aria-hidden=\"true\" class=\"wp-block-spacer\"><\/div>\n\n\n\n<div class=\"wp-block-group has-global-padding is-layout-constrained wp-block-group-is-layout-constrained\">\n<div class=\"wp-block-columns is-layout-flex wp-container-core-columns-is-layout-28f84493 wp-block-columns-is-layout-flex\">\n<div class=\"wp-block-column is-layout-flow wp-block-column-is-layout-flow\">\n<p class=\"has-text-align-center\">Aby pobra\u0107 jad\u0142ospis, kliknij przycisk poni\u017cej.<\/p>\n\n\n\n<div class=\"wp-block-buttons is-content-justification-center is-layout-flex wp-container-core-buttons-is-layout-a89b3969 wp-block-buttons-is-layout-flex\">\n<div class=\"wp-block-button\"><a class=\"wp-block-button__link has-text-align-center wp-element-button\" href=\"https:\/\/dobryposilek.szpitaldietla.pl\/wp-content\/uploads\/2025\/10\/Dobry-Posilek-2025-11-03.doc\">Pobierz<\/a><\/div>\n<\/div>\n<\/div>\n<\/div>\n<\/div>\n\n\n\n<div style=\"height:100px\" aria-hidden=\"true\" class=\"wp-block-spacer\"><\/div>\n\n\n\n<div class=\"wp-block-group alignfull has-global-padding is-layout-constrained wp-block-group-is-layout-constrained\">\n<div class=\"wp-block-group alignfull has-global-padding is-layout-constrained wp-block-group-is-layout-constrained\">\n<div class=\"wp-block-columns alignfull is-layout-flex wp-container-core-columns-is-layout-28f84493 wp-block-columns-is-layout-flex\">\n<div class=\"wp-block-column is-layout-flow wp-block-column-is-layout-flow\"><\/div>\n\n\n\n<div class=\"wp-block-column is-layout-flow wp-block-column-is-layout-flow\">\n<figure class=\"wp-block-image size-large\"><img fetchpriority=\"high\" decoding=\"async\" width=\"1024\" height=\"768\" src=\"https:\/\/dobryposilek.szpitaldietla.pl\/wp-content\/uploads\/2025\/11\/IMG_2930-1024x768.jpg\" alt=\"\" class=\"wp-image-10356\" srcset=\"https:\/\/dobryposilek.szpitaldietla.pl\/wp-content\/uploads\/2025\/11\/IMG_2930-1024x768.jpg 1024w, https:\/\/dobryposilek.szpitaldietla.pl\/wp-content\/uploads\/2025\/11\/IMG_2930-300x225.jpg 300w, https:\/\/dobryposilek.szpitaldietla.pl\/wp-content\/uploads\/2025\/11\/IMG_2930-768x576.jpg 768w, https:\/\/dobryposilek.szpitaldietla.pl\/wp-content\/uploads\/2025\/11\/IMG_2930-1536x1152.jpg 1536w, https:\/\/dobryposilek.szpitaldietla.pl\/wp-content\/uploads\/2025\/11\/IMG_2930-2048x1536.jpg 2048w\" sizes=\"(max-width: 1024px) 100vw, 1024px\" \/><\/figure>\n<\/div>\n\n\n\n<div class=\"wp-block-column is-layout-flow wp-block-column-is-layout-flow\">\n<figure class=\"wp-block-image size-large\"><img decoding=\"async\" width=\"1024\" height=\"768\" src=\"https:\/\/dobryposilek.szpitaldietla.pl\/wp-content\/uploads\/2025\/11\/IMG_2931-1024x768.jpg\" alt=\"\" class=\"wp-image-10357\" srcset=\"https:\/\/dobryposilek.szpitaldietla.pl\/wp-content\/uploads\/2025\/11\/IMG_2931-1024x768.jpg 1024w, https:\/\/dobryposilek.szpitaldietla.pl\/wp-content\/uploads\/2025\/11\/IMG_2931-300x225.jpg 300w, https:\/\/dobryposilek.szpitaldietla.pl\/wp-content\/uploads\/2025\/11\/IMG_2931-768x576.jpg 768w, https:\/\/dobryposilek.szpitaldietla.pl\/wp-content\/uploads\/2025\/11\/IMG_2931-1536x1152.jpg 1536w, https:\/\/dobryposilek.szpitaldietla.pl\/wp-content\/uploads\/2025\/11\/IMG_2931-2048x1536.jpg 2048w\" sizes=\"(max-width: 1024px) 100vw, 1024px\" \/><\/figure>\n<\/div>\n<\/div>\n<\/div>\n\n\n\n<div class=\"wp-block-group alignfull has-global-padding is-layout-constrained wp-block-group-is-layout-constrained\">\n<div class=\"wp-block-columns alignfull is-layout-flex wp-container-core-columns-is-layout-28f84493 wp-block-columns-is-layout-flex\">\n<div class=\"wp-block-column has-border-color has-contrast-border-color is-layout-flow wp-block-column-is-layout-flow\" style=\"border-width:1px\">\n<div class=\"wp-block-group has-global-padding is-layout-constrained wp-block-group-is-layout-constrained\">\n<div style=\"height:232px\" aria-hidden=\"true\" class=\"wp-block-spacer\"><\/div>\n\n\n\n<h2 class=\"wp-block-heading has-text-align-center\">\u015aniadanie*<\/h2>\n<\/div>\n<\/div>\n\n\n\n<div class=\"wp-block-column has-border-color has-contrast-border-color is-layout-flow wp-block-column-is-layout-flow\" style=\"border-width:1px\">\n<p class=\"has-text-align-center\"><strong>I DIETA PODSTAWOWA<\/strong><\/p>\n\n\n\n<ul class=\"wp-block-list\">\n<li>Herbata 250ml<\/li>\n\n\n\n<li>Mas\u0142o extra 20g<\/li>\n\n\n\n<li>Chleb pszenno -\u017cytni 65g<\/li>\n\n\n\n<li>Bu\u0142ka grahamka 50g<\/li>\n\n\n\n<li>P\u0142atki owsiane na mleku 400ml<\/li>\n\n\n\n<li>Ogon\u00f3wka 50g<\/li>\n\n\n\n<li>Sa\u0142atka gracka z oliwkami 80g<\/li>\n\n\n\n<li>Gratka 155g<\/li>\n<\/ul>\n<\/div>\n\n\n\n<div class=\"wp-block-column has-border-color has-contrast-border-color is-layout-flow wp-block-column-is-layout-flow\" style=\"border-width:1px\">\n<p class=\"has-text-align-center\"><strong>X DIETA Z OGRANICZENIEM W\u0118GLOWODAN\u00d3W \u0141ATWO PRZYSWAJALNYCH<\/strong><\/p>\n\n\n\n<ul class=\"wp-block-list\">\n<li>Kawa z mlekiem b\/c 250ml<\/li>\n\n\n\n<li>Mas\u0142o extra 20g<\/li>\n\n\n\n<li>Chleb pszenno -\u017cytni 65g<\/li>\n\n\n\n<li>Bu\u0142ka grahamka 50g<\/li>\n\n\n\n<li>Galaretka z kurczakiem,jajkiem i jarzynami 150g<\/li>\n\n\n\n<li>Cytryna 30g<\/li>\n\n\n\n<li>Papryka 50g<\/li>\n\n\n\n<li>I<strong>I \u015aNIADANIE<\/strong><\/li>\n\n\n\n<li>Herbata b\/c 250ml<\/li>\n\n\n\n<li>Mas\u0142o extra 10g<\/li>\n\n\n\n<li>Graham 70g<\/li>\n\n\n\n<li>Rzodkiewka 20g<\/li>\n<\/ul>\n<\/div>\n<\/div>\n<\/div>\n\n\n\n<div class=\"wp-block-group alignfull has-global-padding is-layout-constrained wp-block-group-is-layout-constrained\">\n<p class=\"has-text-align-left\"><em>* <em><em><em>Zdj\u0119cia posi\u0142k\u00f3w dw\u00f3ch najpopularniejszych diet w Szpitalu im.J. Dietla w Krakowie<\/em><\/em><\/em><\/em><\/p>\n\n\n\n<div style=\"height:100px\" aria-hidden=\"true\" class=\"wp-block-spacer\"><\/div>\n<\/div>\n<\/div>\n\n\n\n<div class=\"wp-block-group alignfull has-global-padding is-layout-constrained wp-block-group-is-layout-constrained\">\n<div class=\"wp-block-group alignfull has-global-padding is-layout-constrained wp-block-group-is-layout-constrained\">\n<div class=\"wp-block-columns alignfull is-layout-flex wp-container-core-columns-is-layout-28f84493 wp-block-columns-is-layout-flex\">\n<div class=\"wp-block-column is-layout-flow wp-block-column-is-layout-flow\"><\/div>\n\n\n\n<div class=\"wp-block-column is-layout-flow wp-block-column-is-layout-flow\">\n<figure class=\"wp-block-image size-large\"><img decoding=\"async\" width=\"1024\" height=\"768\" src=\"https:\/\/dobryposilek.szpitaldietla.pl\/wp-content\/uploads\/2025\/11\/IMG_2935-1024x768.jpg\" alt=\"\" class=\"wp-image-10359\" srcset=\"https:\/\/dobryposilek.szpitaldietla.pl\/wp-content\/uploads\/2025\/11\/IMG_2935-1024x768.jpg 1024w, https:\/\/dobryposilek.szpitaldietla.pl\/wp-content\/uploads\/2025\/11\/IMG_2935-300x225.jpg 300w, https:\/\/dobryposilek.szpitaldietla.pl\/wp-content\/uploads\/2025\/11\/IMG_2935-768x576.jpg 768w, https:\/\/dobryposilek.szpitaldietla.pl\/wp-content\/uploads\/2025\/11\/IMG_2935-1536x1152.jpg 1536w, https:\/\/dobryposilek.szpitaldietla.pl\/wp-content\/uploads\/2025\/11\/IMG_2935-2048x1536.jpg 2048w\" sizes=\"(max-width: 1024px) 100vw, 1024px\" \/><\/figure>\n<\/div>\n\n\n\n<div class=\"wp-block-column is-layout-flow wp-block-column-is-layout-flow\">\n<figure class=\"wp-block-image size-large\"><img loading=\"lazy\" decoding=\"async\" width=\"1024\" height=\"768\" src=\"https:\/\/dobryposilek.szpitaldietla.pl\/wp-content\/uploads\/2025\/11\/IMG_2933-1024x768.jpg\" alt=\"\" class=\"wp-image-10360\" srcset=\"https:\/\/dobryposilek.szpitaldietla.pl\/wp-content\/uploads\/2025\/11\/IMG_2933-1024x768.jpg 1024w, https:\/\/dobryposilek.szpitaldietla.pl\/wp-content\/uploads\/2025\/11\/IMG_2933-300x225.jpg 300w, https:\/\/dobryposilek.szpitaldietla.pl\/wp-content\/uploads\/2025\/11\/IMG_2933-768x576.jpg 768w, https:\/\/dobryposilek.szpitaldietla.pl\/wp-content\/uploads\/2025\/11\/IMG_2933-1536x1152.jpg 1536w, https:\/\/dobryposilek.szpitaldietla.pl\/wp-content\/uploads\/2025\/11\/IMG_2933-2048x1536.jpg 2048w\" sizes=\"(max-width: 1024px) 100vw, 1024px\" \/><\/figure>\n<\/div>\n<\/div>\n<\/div>\n\n\n\n<div class=\"wp-block-group alignfull has-global-padding is-layout-constrained wp-block-group-is-layout-constrained\">\n<div class=\"wp-block-columns alignfull is-layout-flex wp-container-core-columns-is-layout-28f84493 wp-block-columns-is-layout-flex\">\n<div class=\"wp-block-column has-border-color has-contrast-border-color is-layout-flow wp-block-column-is-layout-flow\" style=\"border-width:1px\">\n<div class=\"wp-block-group has-global-padding is-layout-constrained wp-block-group-is-layout-constrained\">\n<div style=\"height:232px\" aria-hidden=\"true\" class=\"wp-block-spacer\"><\/div>\n\n\n\n<h2 class=\"wp-block-heading has-text-align-center\">Obiad*<\/h2>\n<\/div>\n<\/div>\n\n\n\n<div class=\"wp-block-column has-border-color has-contrast-border-color is-layout-flow wp-block-column-is-layout-flow\" style=\"border-width:1px\">\n<p class=\"has-text-align-center\"><strong>I DIETA PODSTAWOWA<\/strong><\/p>\n\n\n\n<ul class=\"wp-block-list\">\n<li>Barszcz ukrai\u0144ski z ziem i fasol\u0105 Ja\u015b 400ml<\/li>\n\n\n\n<li>Nale\u015bniki z serem 250g<\/li>\n\n\n\n<li>Cocktail jogurtowo-wi\u015bniowy 150ml<\/li>\n\n\n\n<li>Kompot z porzeczek 250ml<\/li>\n<\/ul>\n<\/div>\n\n\n\n<div class=\"wp-block-column has-border-color has-contrast-border-color is-layout-flow wp-block-column-is-layout-flow\" style=\"border-width:1px\">\n<p class=\"has-text-align-center\"><strong>X DIETA Z OGRANICZENIEM W\u0118GLOWODAN\u00d3W \u0141ATWO PRZYSWAJALNYCH<\/strong><\/p>\n\n\n\n<ul class=\"wp-block-list\">\n<li>Barszcz ukrai\u0144ski z ziem400ml<\/li>\n\n\n\n<li>Kaszotto z mi\u0119sem z kurczaka i jarzynami 350g<\/li>\n\n\n\n<li>Sos koperkowy 100ml<\/li>\n\n\n\n<li>Sa\u0142atka z pomidora b\/s 100g<\/li>\n\n\n\n<li>Kompot z przeczek b\/c 250ml<\/li>\n<\/ul>\n<\/div>\n<\/div>\n\n\n\n<p>*<em><em><em>Zdj\u0119cia posi\u0142k\u00f3w dw\u00f3ch najpopularniejszych diet w Szpitalu im.J. Dietla w Krakowie<\/em><\/em><\/em><\/p>\n<\/div>\n<\/div>\n<\/div>\n","protected":false},"excerpt":{"rendered":"<p>Jad\u0142ospis 03.11.2025 Aby pobra\u0107 jad\u0142ospis, kliknij przycisk poni\u017cej. \u015aniadanie* I DIETA PODSTAWOWA X DIETA Z OGRANICZENIEM W\u0118GLOWODAN\u00d3W \u0141ATWO PRZYSWAJALNYCH * Zdj\u0119cia posi\u0142k\u00f3w dw\u00f3ch najpopularniejszych diet w Szpitalu im.J. Dietla w Krakowie Obiad* I DIETA PODSTAWOWA X DIETA Z OGRANICZENIEM W\u0118GLOWODAN\u00d3W \u0141ATWO PRZYSWAJALNYCH *Zdj\u0119cia posi\u0142k\u00f3w dw\u00f3ch najpopularniejszych diet w Szpitalu im.J. Dietla w Krakowie<\/p>\n","protected":false},"author":1,"featured_media":0,"parent":0,"menu_order":0,"comment_status":"closed","ping_status":"closed","template":"","meta":{"footnotes":""},"class_list":["post-10049","page","type-page","status-publish","hentry"],"_links":{"self":[{"href":"https:\/\/dobryposilek.szpitaldietla.pl\/index.php?rest_route=\/wp\/v2\/pages\/10049","targetHints":{"allow":["GET"]}}],"collection":[{"href":"https:\/\/dobryposilek.szpitaldietla.pl\/index.php?rest_route=\/wp\/v2\/pages"}],"about":[{"href":"https:\/\/dobryposilek.szpitaldietla.pl\/index.php?rest_route=\/wp\/v2\/types\/page"}],"author":[{"embeddable":true,"href":"https:\/\/dobryposilek.szpitaldietla.pl\/index.php?rest_route=\/wp\/v2\/users\/1"}],"replies":[{"embeddable":true,"href":"https:\/\/dobryposilek.szpitaldietla.pl\/index.php?rest_route=%2Fwp%2Fv2%2Fcomments&post=10049"}],"version-history":[{"count":6,"href":"https:\/\/dobryposilek.szpitaldietla.pl\/index.php?rest_route=\/wp\/v2\/pages\/10049\/revisions"}],"predecessor-version":[{"id":10361,"href":"https:\/\/dobryposilek.szpitaldietla.pl\/index.php?rest_route=\/wp\/v2\/pages\/10049\/revisions\/10361"}],"wp:attachment":[{"href":"https:\/\/dobryposilek.szpitaldietla.pl\/index.php?rest_route=%2Fwp%2Fv2%2Fmedia&parent=10049"}],"curies":[{"name":"wp","href":"https:\/\/api.w.org\/{rel}","templated":true}]}}